{"id":20,"date":"2025-09-28T11:11:07","date_gmt":"2025-09-28T09:11:07","guid":{"rendered":"https:\/\/latteceramique.com\/?page_id=20"},"modified":"2026-01-09T12:07:23","modified_gmt":"2026-01-09T10:07:23","slug":"le-concept-du-cafe-ceramique-a-mandelieu","status":"publish","type":"page","link":"https:\/\/latteceramique.com\/index.php\/le-concept-du-cafe-ceramique-a-mandelieu\/","title":{"rendered":"Concept"},"content":{"rendered":"\t\t<div data-elementor-type=\"wp-page\" data-elementor-id=\"20\" class=\"elementor elementor-20\">\n\t\t\t\t<div class=\"elementor-element elementor-element-c3b7393 e-flex e-con-boxed e-con e-parent\" data-id=\"c3b7393\" data-element_type=\"container\">\n\t\t\t\t\t<div class=\"e-con-inner\">\n\t\t\t\t<div class=\"elementor-element elementor-element-e51bb07 elementor-widget elementor-widget-heading\" data-id=\"e51bb07\" data-element_type=\"widget\" data-widget_type=\"heading.default\">\n\t\t\t\t\t<h3 class=\"elementor-heading-title elementor-size-default\">Comment \u00e7a fonctionne un caf\u00e9 c\u00e9ramique ?<\/h3>\t\t\t\t<\/div>\n\t\t\t\t<div class=\"elementor-element elementor-element-062d551 elementor-widget elementor-widget-tastyc-services-grid\" data-id=\"062d551\" data-element_type=\"widget\" data-widget_type=\"tastyc-services-grid.default\">\n\t\t\t\t<div class=\"elementor-widget-container\">\n\t\t\t\t\t\n\t\t<!-- container -->\n\t\t<div class=\"container\">\n\n\t\t<div class=\"row tst-mb-60\">\n\t\t  \n          \t\t            <div class=\"col-lg-12\">\n\n            <!-- services box -->\n            <div class=\"tst-services-box\">\n                            <div class=\"image\"><img decoding=\"async\" src=\"https:\/\/latteceramique.com\/wp-content\/uploads\/2025\/10\/9-2-1920x1920.png\" alt=\"\" \/><\/div>\n                            <div class=\"desc\">\n                            <div class=\"tst-suptitle tst-mb-15\">\n              \t<span >\n\t        \t\tPremi\u00e8re \u00e9tape \t        \t<\/span>\n              <\/div>\n                                          <h3 class=\"tst-mb-30\">\n              \t<span >\n\t        \t\tParmi une s\u00e9lection vari\u00e9e en boutique\t        \t<\/span>\n          <\/h3>\n                                          <div class=\"tst-text\">\n              \t<div >\n\t        \t\t<p>Mugs, tasses, assiettes, coquetiers, tirelires, plats, vases .. Je choisis mon ou mes objets \u00e0 peindre<\/p>Le prix de mon atelier = le prix de mon objet\t        \t<\/div>\n              <\/div>\n                                      \t  <\/div>\n            <\/div>\n            <!-- services box end -->\n\n          <\/div>\n                    <div class=\"col-lg-12\">\n\n            <!-- services box -->\n            <div class=\"tst-services-box\">\n                            <div class=\"image\"><img decoding=\"async\" src=\"https:\/\/latteceramique.com\/wp-content\/uploads\/2025\/10\/11-3-1920x1920.png\" alt=\"\" \/><\/div>\n                            <div class=\"desc\">\n                            <div class=\"tst-suptitle tst-mb-15\">\n              \t<span >\n\t        \t\tSeconde \u00e9tape \t        \t<\/span>\n              <\/div>\n                                          <h3 class=\"tst-mb-30\">\n              \t<span >\n\t        \t\tJe d\u00e9borde de cr\u00e9ativit\u00e9 ! \t        \t<\/span>\n          <\/h3>\n                                          <div class=\"tst-text\">\n              \t<div >\n\t        \t\t<p>Je m'amuse \u00e0 peindre ma c\u00e9ramique gr\u00e2ce aux inspirations pr\u00e9sentes au caf\u00e9 c\u00e9ramique et gr\u00e2ce aux nombreuses peintures et accessoires \u00e0 disposition<\/p>\t        \t<\/div>\n              <\/div>\n                                      \t  <\/div>\n            <\/div>\n            <!-- services box end -->\n\n          <\/div>\n                    <div class=\"col-lg-12\">\n\n            <!-- services box -->\n            <div class=\"tst-services-box\">\n                            <div class=\"image\"><img decoding=\"async\" src=\"https:\/\/latteceramique.com\/wp-content\/uploads\/2025\/10\/13-1-scaled.png\" alt=\"\" \/><\/div>\n                            <div class=\"desc\">\n                            <div class=\"tst-suptitle tst-mb-15\">\n              \t<span >\n\t        \t\tTroisi\u00e8me \u00e9tape\t        \t<\/span>\n              <\/div>\n                                          <h3 class=\"tst-mb-30\">\n              \t<span >\n\t        \t\tMiam miam !\t        \t<\/span>\n          <\/h3>\n                                          <div class=\"tst-text\">\n              \t<div >\n\t        \t\t<p>Si je le veux, je commande et profite d'une bonne boisson chaude ou froide et d'un g\u00e2teau pendant mon atelier\u00a0<\/p>\t        \t<\/div>\n              <\/div>\n                                      \t  <\/div>\n            <\/div>\n            <!-- services box end -->\n\n          <\/div>\n                    <div class=\"col-lg-12\">\n\n            <!-- services box -->\n            <div class=\"tst-services-box\">\n                            <div class=\"image\"><img decoding=\"async\" src=\"https:\/\/latteceramique.com\/wp-content\/uploads\/2025\/10\/15-2-1920x1920.png\" alt=\"\" \/><\/div>\n                            <div class=\"desc\">\n                            <div class=\"tst-suptitle tst-mb-15\">\n              \t<span >\n\t        \t\tQuatri\u00e8me \u00e9tape\t        \t<\/span>\n              <\/div>\n                                          <h3 class=\"tst-mb-30\">\n              \t<span >\n\t        \t\tJe laisse mon objet aux pros ! \t        \t<\/span>\n          <\/h3>\n                                          <div class=\"tst-text\">\n              \t<div >\n\t        \t\t<p>On s'occupe de la contr\u00f4ler, de l'\u00e9mailler et de la cuire dans notre four sp\u00e9cial c\u00e9ramique\u00a0<\/p>\t        \t<\/div>\n              <\/div>\n                                      \t  <\/div>\n            <\/div>\n            <!-- services box end -->\n\n          <\/div>\n                    <div class=\"col-lg-12\">\n\n            <!-- services box -->\n            <div class=\"tst-services-box\">\n                            <div class=\"image\"><img decoding=\"async\" src=\"https:\/\/latteceramique.com\/wp-content\/uploads\/2025\/10\/17-2-1920x1920.png\" alt=\"\" \/><\/div>\n                            <div class=\"desc\">\n                            <div class=\"tst-suptitle tst-mb-15\">\n              \t<span >\n\t        \t\tCinqui\u00e8me \u00e9tape\t        \t<\/span>\n              <\/div>\n                                          <h3 class=\"tst-mb-30\">\n              \t<span >\n\t        \t\tJe frime devant mes copains !\u00a0\t        \t<\/span>\n          <\/h3>\n                                          <div class=\"tst-text\">\n              \t<div >\n\t        \t\t<p>Avec ma c\u00e9ramique unique !<\/p>\t        \t<\/div>\n              <\/div>\n                                      \t  <\/div>\n            <\/div>\n            <!-- services box end -->\n\n          <\/div>\n                    \n        <\/div>\n\n        <div class=\"tst-spacer tst-spacer-only-bottom-space\"><\/div>\n\n\t\t<\/div>\n\t\t<!-- container end -->\n\n\t\t\t\t\t\t<\/div>\n\t\t\t\t<\/div>\n\t\t\t\t<div class=\"elementor-element elementor-element-62eb8e3 elementor-align-center elementor-widget elementor-widget-button\" data-id=\"62eb8e3\" data-element_type=\"widget\" data-widget_type=\"button.default\">\n\t\t\t\t\t\t\t\t\t\t<a class=\"elementor-button elementor-button-link elementor-size-sm\" href=\"https:\/\/latteceramique.com\/index.php\/reserver\/\">\n\t\t\t\t\t\t<span class=\"elementor-button-content-wrapper\">\n\t\t\t\t\t\t\t\t\t<span class=\"elementor-button-text\">Je reserve<\/span>\n\t\t\t\t\t<\/span>\n\t\t\t\t\t<\/a>\n\t\t\t\t\t\t\t\t<\/div>\n\t\t\t\t\t<\/div>\n\t\t\t\t<\/div>\n\t\t\t\t<\/div>\n\t\t","protected":false},"excerpt":{"rendered":"<p>Comment \u00e7a fonctionne un caf\u00e9 c\u00e9ramique ? Premi\u00e8re \u00e9tape Parmi une s\u00e9lection vari\u00e9e en boutique Mugs, tasses, assiettes, coquetiers, tirelires, plats, vases .. Je choisis mon ou mes objets \u00e0 peindre Le prix de mon atelier = le prix de mon objet Seconde \u00e9tape Je d\u00e9borde de cr\u00e9ativit\u00e9 ! Je m&#8217;amuse \u00e0 peindre ma c\u00e9ramique gr\u00e2ce aux inspirations pr\u00e9sentes au&#8230; <span class=\"tst-el-more\"><a href=\"https:\/\/latteceramique.com\/index.php\/le-concept-du-cafe-ceramique-a-mandelieu\/\" class=\"tst-label tst-color tst-anima-link\">Voir plus<span class=\"screen-reader-text\">Voir plusConcept<\/span><\/a><\/span><\/p>\n","protected":false},"author":1,"featured_media":0,"parent":0,"menu_order":0,"comment_status":"closed","ping_status":"closed","template":"template-layout-builder.php","meta":{"_acf_changed":false,"footnotes":""},"class_list":["post-20","page","type-page","status-publish","hentry"],"acf":[],"yoast_head":"<!-- This site is optimized with the Yoast SEO plugin v26.2 - https:\/\/yoast.com\/wordpress\/plugins\/seo\/ -->\n<title>Concept - Latte Ceramique<\/title>\n<meta name=\"description\" content=\"Caf\u00e9 c\u00e9ramique \u00e0 Mandelieu, entre Cannes et Fr\u00e9jus. Atelier caf\u00e9 c\u00e9ramique peinture sur objets tasse, assiettes, vase, carafe..\" \/>\n<meta name=\"robots\" content=\"index, follow, max-snippet:-1, max-image-preview:large, max-video-preview:-1\" \/>\n<link rel=\"canonical\" href=\"https:\/\/latteceramique.com\/index.php\/le-concept-du-cafe-ceramique-a-mandelieu\/\" \/>\n<meta property=\"og:locale\" content=\"fr_FR\" \/>\n<meta property=\"og:type\" content=\"article\" \/>\n<meta property=\"og:title\" content=\"Concept - Latte Ceramique\" \/>\n<meta property=\"og:description\" content=\"Caf\u00e9 c\u00e9ramique \u00e0 Mandelieu, entre Cannes et Fr\u00e9jus. Atelier caf\u00e9 c\u00e9ramique peinture sur objets tasse, assiettes, vase, carafe..\" \/>\n<meta property=\"og:url\" content=\"https:\/\/latteceramique.com\/index.php\/le-concept-du-cafe-ceramique-a-mandelieu\/\" \/>\n<meta property=\"og:site_name\" content=\"Latte Ceramique\" \/>\n<meta property=\"article:modified_time\" content=\"2026-01-09T10:07:23+00:00\" \/>\n<meta property=\"og:image\" content=\"https:\/\/latteceramique.com\/wp-content\/uploads\/2025\/10\/9-2-1920x1920.png\" \/>\n<meta name=\"twitter:card\" content=\"summary_large_image\" \/>\n<meta name=\"twitter:label1\" content=\"Dur\u00e9e de lecture estim\u00e9e\" \/>\n\t<meta name=\"twitter:data1\" content=\"2 minutes\" \/>\n<script type=\"application\/ld+json\" class=\"yoast-schema-graph\">{\"@context\":\"https:\/\/schema.org\",\"@graph\":[{\"@type\":\"WebPage\",\"@id\":\"https:\/\/latteceramique.com\/index.php\/le-concept-du-cafe-ceramique-a-mandelieu\/\",\"url\":\"https:\/\/latteceramique.com\/index.php\/le-concept-du-cafe-ceramique-a-mandelieu\/\",\"name\":\"Concept - Latte Ceramique\",\"isPartOf\":{\"@id\":\"https:\/\/latteceramique.com\/#website\"},\"primaryImageOfPage\":{\"@id\":\"https:\/\/latteceramique.com\/index.php\/le-concept-du-cafe-ceramique-a-mandelieu\/#primaryimage\"},\"image\":{\"@id\":\"https:\/\/latteceramique.com\/index.php\/le-concept-du-cafe-ceramique-a-mandelieu\/#primaryimage\"},\"thumbnailUrl\":\"https:\/\/latteceramique.com\/wp-content\/uploads\/2025\/10\/9-2-1920x1920.png\",\"datePublished\":\"2025-09-28T09:11:07+00:00\",\"dateModified\":\"2026-01-09T10:07:23+00:00\",\"description\":\"Caf\u00e9 c\u00e9ramique \u00e0 Mandelieu, entre Cannes et Fr\u00e9jus. Atelier caf\u00e9 c\u00e9ramique peinture sur objets tasse, assiettes, vase, carafe..\",\"breadcrumb\":{\"@id\":\"https:\/\/latteceramique.com\/index.php\/le-concept-du-cafe-ceramique-a-mandelieu\/#breadcrumb\"},\"inLanguage\":\"fr-FR\",\"potentialAction\":[{\"@type\":\"ReadAction\",\"target\":[\"https:\/\/latteceramique.com\/index.php\/le-concept-du-cafe-ceramique-a-mandelieu\/\"]}]},{\"@type\":\"ImageObject\",\"inLanguage\":\"fr-FR\",\"@id\":\"https:\/\/latteceramique.com\/index.php\/le-concept-du-cafe-ceramique-a-mandelieu\/#primaryimage\",\"url\":\"https:\/\/latteceramique.com\/wp-content\/uploads\/2025\/10\/9-2-scaled.png\",\"contentUrl\":\"https:\/\/latteceramique.com\/wp-content\/uploads\/2025\/10\/9-2-scaled.png\",\"width\":2560,\"height\":2560},{\"@type\":\"BreadcrumbList\",\"@id\":\"https:\/\/latteceramique.com\/index.php\/le-concept-du-cafe-ceramique-a-mandelieu\/#breadcrumb\",\"itemListElement\":[{\"@type\":\"ListItem\",\"position\":1,\"name\":\"Accueil\",\"item\":\"https:\/\/latteceramique.com\/\"},{\"@type\":\"ListItem\",\"position\":2,\"name\":\"Concept\"}]},{\"@type\":\"WebSite\",\"@id\":\"https:\/\/latteceramique.com\/#website\",\"url\":\"https:\/\/latteceramique.com\/\",\"name\":\"Latte Ceramique\",\"description\":\"Caf\u00e9 c\u00e9ramique\",\"publisher\":{\"@id\":\"https:\/\/latteceramique.com\/#organization\"},\"potentialAction\":[{\"@type\":\"SearchAction\",\"target\":{\"@type\":\"EntryPoint\",\"urlTemplate\":\"https:\/\/latteceramique.com\/?s={search_term_string}\"},\"query-input\":{\"@type\":\"PropertyValueSpecification\",\"valueRequired\":true,\"valueName\":\"search_term_string\"}}],\"inLanguage\":\"fr-FR\"},{\"@type\":\"Organization\",\"@id\":\"https:\/\/latteceramique.com\/#organization\",\"name\":\"Latte Ceramique Caf\u00e9 C\u00e9ramique\",\"url\":\"https:\/\/latteceramique.com\/\",\"logo\":{\"@type\":\"ImageObject\",\"inLanguage\":\"fr-FR\",\"@id\":\"https:\/\/latteceramique.com\/#\/schema\/logo\/image\/\",\"url\":\"https:\/\/latteceramique.com\/wp-content\/uploads\/2025\/09\/LOGO.png\",\"contentUrl\":\"https:\/\/latteceramique.com\/wp-content\/uploads\/2025\/09\/LOGO.png\",\"caption\":\"Latte Ceramique Caf\u00e9 C\u00e9ramique\"},\"image\":{\"@id\":\"https:\/\/latteceramique.com\/#\/schema\/logo\/image\/\"},\"sameAs\":[\"https:\/\/www.instagram.com\/latteceramique\/?igsh=MWMzaDI0OThrYTY4Zw&utm_source=qr\"]}]}<\/script>\n<!-- \/ Yoast SEO plugin. -->","yoast_head_json":{"title":"Concept - Latte Ceramique","description":"Caf\u00e9 c\u00e9ramique \u00e0 Mandelieu, entre Cannes et Fr\u00e9jus. Atelier caf\u00e9 c\u00e9ramique peinture sur objets tasse, assiettes, vase, carafe..","robots":{"index":"index","follow":"follow","max-snippet":"max-snippet:-1","max-image-preview":"max-image-preview:large","max-video-preview":"max-video-preview:-1"},"canonical":"https:\/\/latteceramique.com\/index.php\/le-concept-du-cafe-ceramique-a-mandelieu\/","og_locale":"fr_FR","og_type":"article","og_title":"Concept - Latte Ceramique","og_description":"Caf\u00e9 c\u00e9ramique \u00e0 Mandelieu, entre Cannes et Fr\u00e9jus. Atelier caf\u00e9 c\u00e9ramique peinture sur objets tasse, assiettes, vase, carafe..","og_url":"https:\/\/latteceramique.com\/index.php\/le-concept-du-cafe-ceramique-a-mandelieu\/","og_site_name":"Latte Ceramique","article_modified_time":"2026-01-09T10:07:23+00:00","og_image":[{"url":"https:\/\/latteceramique.com\/wp-content\/uploads\/2025\/10\/9-2-1920x1920.png","type":"","width":"","height":""}],"twitter_card":"summary_large_image","twitter_misc":{"Dur\u00e9e de lecture estim\u00e9e":"2 minutes"},"schema":{"@context":"https:\/\/schema.org","@graph":[{"@type":"WebPage","@id":"https:\/\/latteceramique.com\/index.php\/le-concept-du-cafe-ceramique-a-mandelieu\/","url":"https:\/\/latteceramique.com\/index.php\/le-concept-du-cafe-ceramique-a-mandelieu\/","name":"Concept - Latte Ceramique","isPartOf":{"@id":"https:\/\/latteceramique.com\/#website"},"primaryImageOfPage":{"@id":"https:\/\/latteceramique.com\/index.php\/le-concept-du-cafe-ceramique-a-mandelieu\/#primaryimage"},"image":{"@id":"https:\/\/latteceramique.com\/index.php\/le-concept-du-cafe-ceramique-a-mandelieu\/#primaryimage"},"thumbnailUrl":"https:\/\/latteceramique.com\/wp-content\/uploads\/2025\/10\/9-2-1920x1920.png","datePublished":"2025-09-28T09:11:07+00:00","dateModified":"2026-01-09T10:07:23+00:00","description":"Caf\u00e9 c\u00e9ramique \u00e0 Mandelieu, entre Cannes et Fr\u00e9jus. Atelier caf\u00e9 c\u00e9ramique peinture sur objets tasse, assiettes, vase, carafe..","breadcrumb":{"@id":"https:\/\/latteceramique.com\/index.php\/le-concept-du-cafe-ceramique-a-mandelieu\/#breadcrumb"},"inLanguage":"fr-FR","potentialAction":[{"@type":"ReadAction","target":["https:\/\/latteceramique.com\/index.php\/le-concept-du-cafe-ceramique-a-mandelieu\/"]}]},{"@type":"ImageObject","inLanguage":"fr-FR","@id":"https:\/\/latteceramique.com\/index.php\/le-concept-du-cafe-ceramique-a-mandelieu\/#primaryimage","url":"https:\/\/latteceramique.com\/wp-content\/uploads\/2025\/10\/9-2-scaled.png","contentUrl":"https:\/\/latteceramique.com\/wp-content\/uploads\/2025\/10\/9-2-scaled.png","width":2560,"height":2560},{"@type":"BreadcrumbList","@id":"https:\/\/latteceramique.com\/index.php\/le-concept-du-cafe-ceramique-a-mandelieu\/#breadcrumb","itemListElement":[{"@type":"ListItem","position":1,"name":"Accueil","item":"https:\/\/latteceramique.com\/"},{"@type":"ListItem","position":2,"name":"Concept"}]},{"@type":"WebSite","@id":"https:\/\/latteceramique.com\/#website","url":"https:\/\/latteceramique.com\/","name":"Latte Ceramique","description":"Caf\u00e9 c\u00e9ramique","publisher":{"@id":"https:\/\/latteceramique.com\/#organization"},"potentialAction":[{"@type":"SearchAction","target":{"@type":"EntryPoint","urlTemplate":"https:\/\/latteceramique.com\/?s={search_term_string}"},"query-input":{"@type":"PropertyValueSpecification","valueRequired":true,"valueName":"search_term_string"}}],"inLanguage":"fr-FR"},{"@type":"Organization","@id":"https:\/\/latteceramique.com\/#organization","name":"Latte Ceramique Caf\u00e9 C\u00e9ramique","url":"https:\/\/latteceramique.com\/","logo":{"@type":"ImageObject","inLanguage":"fr-FR","@id":"https:\/\/latteceramique.com\/#\/schema\/logo\/image\/","url":"https:\/\/latteceramique.com\/wp-content\/uploads\/2025\/09\/LOGO.png","contentUrl":"https:\/\/latteceramique.com\/wp-content\/uploads\/2025\/09\/LOGO.png","caption":"Latte Ceramique Caf\u00e9 C\u00e9ramique"},"image":{"@id":"https:\/\/latteceramique.com\/#\/schema\/logo\/image\/"},"sameAs":["https:\/\/www.instagram.com\/latteceramique\/?igsh=MWMzaDI0OThrYTY4Zw&utm_source=qr"]}]}},"_links":{"self":[{"href":"https:\/\/latteceramique.com\/index.php\/wp-json\/wp\/v2\/pages\/20","targetHints":{"allow":["GET"]}}],"collection":[{"href":"https:\/\/latteceramique.com\/index.php\/wp-json\/wp\/v2\/pages"}],"about":[{"href":"https:\/\/latteceramique.com\/index.php\/wp-json\/wp\/v2\/types\/page"}],"author":[{"embeddable":true,"href":"https:\/\/latteceramique.com\/index.php\/wp-json\/wp\/v2\/users\/1"}],"replies":[{"embeddable":true,"href":"https:\/\/latteceramique.com\/index.php\/wp-json\/wp\/v2\/comments?post=20"}],"version-history":[{"count":58,"href":"https:\/\/latteceramique.com\/index.php\/wp-json\/wp\/v2\/pages\/20\/revisions"}],"predecessor-version":[{"id":3266,"href":"https:\/\/latteceramique.com\/index.php\/wp-json\/wp\/v2\/pages\/20\/revisions\/3266"}],"wp:attachment":[{"href":"https:\/\/latteceramique.com\/index.php\/wp-json\/wp\/v2\/media?parent=20"}],"curies":[{"name":"wp","href":"https:\/\/api.w.org\/{rel}","templated":true}]}}