{"id":2687,"date":"2025-10-17T09:48:41","date_gmt":"2025-10-17T07:48:41","guid":{"rendered":"https:\/\/latteceramique.com\/?page_id=2687"},"modified":"2025-11-18T12:31:22","modified_gmt":"2025-11-18T10:31:22","slug":"mentions-legales","status":"publish","type":"page","link":"https:\/\/latteceramique.com\/index.php\/mentions-legales\/","title":{"rendered":"Mentions l\u00e9gales"},"content":{"rendered":"\t\t<div data-elementor-type=\"wp-page\" data-elementor-id=\"2687\" class=\"elementor elementor-2687\">\n\t\t\t\t<div class=\"elementor-element elementor-element-5a951ec e-flex e-con-boxed e-con e-parent\" data-id=\"5a951ec\" data-element_type=\"container\">\n\t\t\t\t\t<div class=\"e-con-inner\">\n\t\t\t\t<div class=\"elementor-element elementor-element-59110f7 elementor-widget elementor-widget-text-editor\" data-id=\"59110f7\" data-element_type=\"widget\" data-widget_type=\"text-editor.default\">\n\t\t\t\t\t\t\t\t\t<h6 data-start=\"293\" data-end=\"316\">1. \u00c9diteur du site<\/h6><h6 data-start=\"317\" data-end=\"739\">Le pr\u00e9sent site est \u00e9dit\u00e9 par :<br data-start=\"348\" data-end=\"351\" \/><strong data-start=\"351\" data-end=\"370\">Latte C\u00e9ramique, SASU<\/strong><br data-start=\"424\" data-end=\"427\" \/>Si\u00e8ge social : 269 avenue de cannes, Riviera Park, 06210 MANDELIEU LA NAPOULE, FRANCE<br data-start=\"460\" data-end=\"463\" \/>SIREN \/ SIRET : 993 853 654<\/h6><h6 data-start=\"317\" data-end=\"739\">RCS : CANNES<br data-start=\"548\" data-end=\"551\" \/>Capital social : 2000\u20ac<br data-start=\"589\" data-end=\"592\" \/>Responsable de la publication : Bouchez mathilde<br data-start=\"643\" data-end=\"646\" \/>Email : hello@latteceramique.com<\/h6><hr data-start=\"741\" data-end=\"744\" \/><h6 data-start=\"746\" data-end=\"771\">2. H\u00e9bergeur du site<\/h6><h6 data-start=\"772\" data-end=\"1014\">Le site <strong data-start=\"780\" data-end=\"801\">latteceramique.fr<\/strong> est h\u00e9berg\u00e9 par : <strong data-start=\"822\" data-end=\"861\">OVH<\/strong><br data-start=\"861\" data-end=\"864\" \/>Adresse : <b>2 RUE KELLERMANN 59100 ROUBAIX<\/b>.<br data-start=\"907\" data-end=\"910\" \/>Site web : +33 9 72 10 10 07\u00a0<br data-start=\"955\" data-end=\"958\" \/>T\u00e9l\u00e9phone : 1007<\/h6><hr data-start=\"1016\" data-end=\"1019\" \/><h6 data-start=\"1021\" data-end=\"1053\">3. Propri\u00e9t\u00e9 intellectuelle<\/h6><h6 data-start=\"1054\" data-end=\"1424\">L\u2019ensemble du contenu pr\u00e9sent sur le site <strong data-start=\"1096\" data-end=\"1117\">latteceramique.com <\/strong>(textes, images, graphismes, logo, ic\u00f4nes, vid\u00e9os, etc.) est la propri\u00e9t\u00e9 exclusive de <strong data-start=\"1205\" data-end=\"1224\">Latte C\u00e9ramique<\/strong>, sauf mention contraire.<br data-start=\"1249\" data-end=\"1252\" \/>Toute reproduction, repr\u00e9sentation, modification, publication, adaptation, totale ou partielle du site ou de ses \u00e9l\u00e9ments, est interdite sans autorisation \u00e9crite pr\u00e9alable.<\/h6><hr data-start=\"1426\" data-end=\"1429\" \/><h6 data-start=\"1431\" data-end=\"1459\">4. Donn\u00e9es personnelles<\/h6><h6 data-start=\"1460\" data-end=\"1676\">Les informations recueillies via le formulaire de contact (nom, email, message) sont destin\u00e9es uniquement \u00e0 <strong data-start=\"1568\" data-end=\"1587\">Latte C\u00e9ramique<\/strong> pour r\u00e9pondre aux demandes des visiteurs.<br data-start=\"1629\" data-end=\"1632\" \/>Aucune donn\u00e9e n\u2019est transmise \u00e0 des tiers.<\/h6><h6 data-start=\"1678\" data-end=\"1904\">Conform\u00e9ment au <strong data-start=\"1694\" data-end=\"1752\">R\u00e8glement G\u00e9n\u00e9ral sur la Protection des Donn\u00e9es (RGPD)<\/strong>, vous pouvez exercer vos droits d\u2019acc\u00e8s, de rectification ou de suppression de vos donn\u00e9es en envoyant un mail \u00e0 :<br data-start=\"1867\" data-end=\"1870\" \/>\ud83d\udce9 hello@latteceramique.com<\/h6><hr data-start=\"1906\" data-end=\"1909\" \/><h6 data-start=\"1911\" data-end=\"1926\">5. Cookies<\/h6><h6 data-start=\"1927\" data-end=\"2289\">Le site <strong data-start=\"1935\" data-end=\"1956\">latteceramique.fr<\/strong> utilise des cookies afin d\u2019am\u00e9liorer l\u2019exp\u00e9rience utilisateur et de mesurer l\u2019audience (via Google Analytics ou outils similaires).<br data-start=\"2088\" data-end=\"2091\" \/>Lors de votre premi\u00e8re visite, un bandeau vous permet d\u2019accepter ou refuser l\u2019utilisation de ces cookies.<br data-start=\"2196\" data-end=\"2199\" \/>Vous pouvez \u00e0 tout moment modifier vos pr\u00e9f\u00e9rences via les param\u00e8tres de votre navigateur.<\/h6><hr data-start=\"2291\" data-end=\"2294\" \/><h6 data-start=\"2296\" data-end=\"2318\">6. Responsabilit\u00e9<\/h6><h6 data-start=\"2319\" data-end=\"2609\"><strong data-start=\"2319\" data-end=\"2338\">Latte C\u00e9ramique<\/strong> s\u2019efforce d\u2019assurer l\u2019exactitude et la mise \u00e0 jour des informations publi\u00e9es sur le site, mais ne peut \u00eatre tenue responsable d\u2019erreurs, d\u2019omissions ou d\u2019\u00e9ventuelles indisponibilit\u00e9s du site.<br data-start=\"2530\" data-end=\"2533\" \/>L\u2019utilisation du site se fait sous la seule responsabilit\u00e9 de l\u2019utilisateur.<\/h6><hr data-start=\"2611\" data-end=\"2614\" \/><h6 data-start=\"2616\" data-end=\"2640\">7. Droit applicable<\/h6><h6 data-start=\"2641\" data-end=\"2789\">Le pr\u00e9sent site est soumis au droit fran\u00e7ais.<br data-start=\"2686\" data-end=\"2689\" \/>En cas de litige, et \u00e0 d\u00e9faut de r\u00e9solution amiable, les tribunaux fran\u00e7ais seront seuls comp\u00e9tents.<\/h6>\t\t\t\t\t\t\t\t<\/div>\n\t\t\t\t\t<\/div>\n\t\t\t\t<\/div>\n\t\t\t\t<\/div>\n\t\t","protected":false},"excerpt":{"rendered":"<p>1. \u00c9diteur du site Le pr\u00e9sent site est \u00e9dit\u00e9 par :Latte C\u00e9ramique, SASUSi\u00e8ge social : 269 avenue de cannes, Riviera Park, 06210 MANDELIEU LA NAPOULE, FRANCESIREN \/ SIRET : 993 853 654 RCS : CANNESCapital social : 2000\u20acResponsable de la publication : Bouchez mathildeEmail : hello@latteceramique.com 2. H\u00e9bergeur du site Le site latteceramique.fr est h\u00e9berg\u00e9 par : OVHAdresse : 2&#8230; <span class=\"tst-el-more\"><a href=\"https:\/\/latteceramique.com\/index.php\/mentions-legales\/\" class=\"tst-label tst-color tst-anima-link\">Voir plus<span class=\"screen-reader-text\">Voir plusMentions l\u00e9gales<\/span><\/a><\/span><\/p>\n","protected":false},"author":1,"featured_media":0,"parent":0,"menu_order":0,"comment_status":"closed","ping_status":"closed","template":"","meta":{"_acf_changed":false,"footnotes":""},"class_list":["post-2687","page","type-page","status-publish","hentry"],"acf":[],"yoast_head":"<!-- This site is optimized with the Yoast SEO plugin v26.2 - https:\/\/yoast.com\/wordpress\/plugins\/seo\/ -->\n<title>Mentions l\u00e9gales - Latte Ceramique<\/title>\n<meta name=\"description\" content=\"Atelier peinture c\u00e9ramique bassin cannois, C\u00f4te d&#039;Azur\" \/>\n<meta name=\"robots\" content=\"index, follow, max-snippet:-1, max-image-preview:large, max-video-preview:-1\" \/>\n<link rel=\"canonical\" href=\"https:\/\/latteceramique.com\/index.php\/mentions-legales\/\" \/>\n<meta property=\"og:locale\" content=\"fr_FR\" \/>\n<meta property=\"og:type\" content=\"article\" \/>\n<meta property=\"og:title\" content=\"Mentions l\u00e9gales - Latte Ceramique\" \/>\n<meta property=\"og:description\" content=\"Atelier peinture c\u00e9ramique bassin cannois, C\u00f4te d&#039;Azur\" \/>\n<meta property=\"og:url\" content=\"https:\/\/latteceramique.com\/index.php\/mentions-legales\/\" \/>\n<meta property=\"og:site_name\" content=\"Latte Ceramique\" \/>\n<meta property=\"article:modified_time\" content=\"2025-11-18T10:31:22+00:00\" \/>\n<meta name=\"twitter:card\" content=\"summary_large_image\" \/>\n<meta name=\"twitter:label1\" content=\"Dur\u00e9e de lecture estim\u00e9e\" \/>\n\t<meta name=\"twitter:data1\" content=\"2 minutes\" \/>\n<script type=\"application\/ld+json\" class=\"yoast-schema-graph\">{\"@context\":\"https:\/\/schema.org\",\"@graph\":[{\"@type\":\"WebPage\",\"@id\":\"https:\/\/latteceramique.com\/index.php\/mentions-legales\/\",\"url\":\"https:\/\/latteceramique.com\/index.php\/mentions-legales\/\",\"name\":\"Mentions l\u00e9gales - Latte Ceramique\",\"isPartOf\":{\"@id\":\"https:\/\/latteceramique.com\/#website\"},\"datePublished\":\"2025-10-17T07:48:41+00:00\",\"dateModified\":\"2025-11-18T10:31:22+00:00\",\"description\":\"Atelier peinture c\u00e9ramique bassin cannois, C\u00f4te d'Azur\",\"breadcrumb\":{\"@id\":\"https:\/\/latteceramique.com\/index.php\/mentions-legales\/#breadcrumb\"},\"inLanguage\":\"fr-FR\",\"potentialAction\":[{\"@type\":\"ReadAction\",\"target\":[\"https:\/\/latteceramique.com\/index.php\/mentions-legales\/\"]}]},{\"@type\":\"BreadcrumbList\",\"@id\":\"https:\/\/latteceramique.com\/index.php\/mentions-legales\/#breadcrumb\",\"itemListElement\":[{\"@type\":\"ListItem\",\"position\":1,\"name\":\"Accueil\",\"item\":\"https:\/\/latteceramique.com\/\"},{\"@type\":\"ListItem\",\"position\":2,\"name\":\"Mentions l\u00e9gales\"}]},{\"@type\":\"WebSite\",\"@id\":\"https:\/\/latteceramique.com\/#website\",\"url\":\"https:\/\/latteceramique.com\/\",\"name\":\"Latte Ceramique\",\"description\":\"Caf\u00e9 c\u00e9ramique\",\"publisher\":{\"@id\":\"https:\/\/latteceramique.com\/#organization\"},\"potentialAction\":[{\"@type\":\"SearchAction\",\"target\":{\"@type\":\"EntryPoint\",\"urlTemplate\":\"https:\/\/latteceramique.com\/?s={search_term_string}\"},\"query-input\":{\"@type\":\"PropertyValueSpecification\",\"valueRequired\":true,\"valueName\":\"search_term_string\"}}],\"inLanguage\":\"fr-FR\"},{\"@type\":\"Organization\",\"@id\":\"https:\/\/latteceramique.com\/#organization\",\"name\":\"Latte Ceramique Caf\u00e9 C\u00e9ramique\",\"url\":\"https:\/\/latteceramique.com\/\",\"logo\":{\"@type\":\"ImageObject\",\"inLanguage\":\"fr-FR\",\"@id\":\"https:\/\/latteceramique.com\/#\/schema\/logo\/image\/\",\"url\":\"https:\/\/latteceramique.com\/wp-content\/uploads\/2025\/09\/LOGO.png\",\"contentUrl\":\"https:\/\/latteceramique.com\/wp-content\/uploads\/2025\/09\/LOGO.png\",\"caption\":\"Latte Ceramique Caf\u00e9 C\u00e9ramique\"},\"image\":{\"@id\":\"https:\/\/latteceramique.com\/#\/schema\/logo\/image\/\"},\"sameAs\":[\"https:\/\/www.instagram.com\/latteceramique\/?igsh=MWMzaDI0OThrYTY4Zw&utm_source=qr\"]}]}<\/script>\n<!-- \/ Yoast SEO plugin. -->","yoast_head_json":{"title":"Mentions l\u00e9gales - Latte Ceramique","description":"Atelier peinture c\u00e9ramique bassin cannois, C\u00f4te d'Azur","robots":{"index":"index","follow":"follow","max-snippet":"max-snippet:-1","max-image-preview":"max-image-preview:large","max-video-preview":"max-video-preview:-1"},"canonical":"https:\/\/latteceramique.com\/index.php\/mentions-legales\/","og_locale":"fr_FR","og_type":"article","og_title":"Mentions l\u00e9gales - Latte Ceramique","og_description":"Atelier peinture c\u00e9ramique bassin cannois, C\u00f4te d'Azur","og_url":"https:\/\/latteceramique.com\/index.php\/mentions-legales\/","og_site_name":"Latte Ceramique","article_modified_time":"2025-11-18T10:31:22+00:00","twitter_card":"summary_large_image","twitter_misc":{"Dur\u00e9e de lecture estim\u00e9e":"2 minutes"},"schema":{"@context":"https:\/\/schema.org","@graph":[{"@type":"WebPage","@id":"https:\/\/latteceramique.com\/index.php\/mentions-legales\/","url":"https:\/\/latteceramique.com\/index.php\/mentions-legales\/","name":"Mentions l\u00e9gales - Latte Ceramique","isPartOf":{"@id":"https:\/\/latteceramique.com\/#website"},"datePublished":"2025-10-17T07:48:41+00:00","dateModified":"2025-11-18T10:31:22+00:00","description":"Atelier peinture c\u00e9ramique bassin cannois, C\u00f4te d'Azur","breadcrumb":{"@id":"https:\/\/latteceramique.com\/index.php\/mentions-legales\/#breadcrumb"},"inLanguage":"fr-FR","potentialAction":[{"@type":"ReadAction","target":["https:\/\/latteceramique.com\/index.php\/mentions-legales\/"]}]},{"@type":"BreadcrumbList","@id":"https:\/\/latteceramique.com\/index.php\/mentions-legales\/#breadcrumb","itemListElement":[{"@type":"ListItem","position":1,"name":"Accueil","item":"https:\/\/latteceramique.com\/"},{"@type":"ListItem","position":2,"name":"Mentions l\u00e9gales"}]},{"@type":"WebSite","@id":"https:\/\/latteceramique.com\/#website","url":"https:\/\/latteceramique.com\/","name":"Latte Ceramique","description":"Caf\u00e9 c\u00e9ramique","publisher":{"@id":"https:\/\/latteceramique.com\/#organization"},"potentialAction":[{"@type":"SearchAction","target":{"@type":"EntryPoint","urlTemplate":"https:\/\/latteceramique.com\/?s={search_term_string}"},"query-input":{"@type":"PropertyValueSpecification","valueRequired":true,"valueName":"search_term_string"}}],"inLanguage":"fr-FR"},{"@type":"Organization","@id":"https:\/\/latteceramique.com\/#organization","name":"Latte Ceramique Caf\u00e9 C\u00e9ramique","url":"https:\/\/latteceramique.com\/","logo":{"@type":"ImageObject","inLanguage":"fr-FR","@id":"https:\/\/latteceramique.com\/#\/schema\/logo\/image\/","url":"https:\/\/latteceramique.com\/wp-content\/uploads\/2025\/09\/LOGO.png","contentUrl":"https:\/\/latteceramique.com\/wp-content\/uploads\/2025\/09\/LOGO.png","caption":"Latte Ceramique Caf\u00e9 C\u00e9ramique"},"image":{"@id":"https:\/\/latteceramique.com\/#\/schema\/logo\/image\/"},"sameAs":["https:\/\/www.instagram.com\/latteceramique\/?igsh=MWMzaDI0OThrYTY4Zw&utm_source=qr"]}]}},"_links":{"self":[{"href":"https:\/\/latteceramique.com\/index.php\/wp-json\/wp\/v2\/pages\/2687","targetHints":{"allow":["GET"]}}],"collection":[{"href":"https:\/\/latteceramique.com\/index.php\/wp-json\/wp\/v2\/pages"}],"about":[{"href":"https:\/\/latteceramique.com\/index.php\/wp-json\/wp\/v2\/types\/page"}],"author":[{"embeddable":true,"href":"https:\/\/latteceramique.com\/index.php\/wp-json\/wp\/v2\/users\/1"}],"replies":[{"embeddable":true,"href":"https:\/\/latteceramique.com\/index.php\/wp-json\/wp\/v2\/comments?post=2687"}],"version-history":[{"count":7,"href":"https:\/\/latteceramique.com\/index.php\/wp-json\/wp\/v2\/pages\/2687\/revisions"}],"predecessor-version":[{"id":3067,"href":"https:\/\/latteceramique.com\/index.php\/wp-json\/wp\/v2\/pages\/2687\/revisions\/3067"}],"wp:attachment":[{"href":"https:\/\/latteceramique.com\/index.php\/wp-json\/wp\/v2\/media?parent=2687"}],"curies":[{"name":"wp","href":"https:\/\/api.w.org\/{rel}","templated":true}]}}